{"id":100,"date":"2021-06-10T14:33:48","date_gmt":"2021-06-10T05:33:48","guid":{"rendered":"https:\/\/body-labo-kawasaki.com\/index\/?page_id=100"},"modified":"2025-04-16T17:32:49","modified_gmt":"2025-04-16T08:32:49","slug":"contact","status":"publish","type":"page","link":"https:\/\/body-labo-kawasaki.com\/index\/contact\/","title":{"rendered":"\u3054\u4e88\u7d04\u30fb\u304a\u554f\u3044\u5408\u308f\u305b"},"content":{"rendered":"\n<div class=\"wp-block-contact-form-7-contact-form-selector\">\n<div class=\"wpcf7 no-js\" id=\"wpcf7-f149-o1\" lang=\"ja\" dir=\"ltr\" data-wpcf7-id=\"149\">\n<div class=\"screen-reader-response\"><p role=\"status\" aria-live=\"polite\" aria-atomic=\"true\"><\/p> <ul><\/ul><\/div>\n<form action=\"\/index\/wp-json\/wp\/v2\/pages\/100#wpcf7-f149-o1\" method=\"post\" class=\"wpcf7-form init\" aria-label=\"\u30b3\u30f3\u30bf\u30af\u30c8\u30d5\u30a9\u30fc\u30e0\" novalidate=\"novalidate\" data-status=\"init\">\n<fieldset class=\"hidden-fields-container\"><input type=\"hidden\" name=\"_wpcf7\" value=\"149\" \/><input type=\"hidden\" name=\"_wpcf7_version\" value=\"6.1.5\" \/><input type=\"hidden\" name=\"_wpcf7_locale\" value=\"ja\" \/><input type=\"hidden\" name=\"_wpcf7_unit_tag\" value=\"wpcf7-f149-o1\" \/><input type=\"hidden\" name=\"_wpcf7_container_post\" value=\"0\" \/><input type=\"hidden\" name=\"_wpcf7_posted_data_hash\" value=\"\" \/><input type=\"hidden\" name=\"_wpcf7_recaptcha_response\" value=\"\" \/>\n<\/fieldset>\n<table class=\"CF7_table\">\n\t<tr>\n\t\t<th>\n\t\t\t<p><span class=\"CF7_req\">\u5fc5\u9808<\/span> \u304a\u554f\u3044\u5408\u308f\u305b\u5185\u5bb9\n\t\t\t<\/p>\n\t\t<\/th>\n\t\t<td>\n\t\t\t<p><span class=\"wpcf7-form-control-wrap\" data-name=\"checkbox-inq\"><span class=\"wpcf7-form-control wpcf7-checkbox wpcf7-validates-as-required\"><span class=\"wpcf7-list-item first\"><input type=\"checkbox\" name=\"checkbox-inq[]\" value=\"\u3054\u4e88\u7d04\" \/><span class=\"wpcf7-list-item-label\">\u3054\u4e88\u7d04<\/span><\/span><span class=\"wpcf7-list-item\"><input type=\"checkbox\" name=\"checkbox-inq[]\" value=\"\u3054\u76f8\u8ac7\" \/><span class=\"wpcf7-list-item-label\">\u3054\u76f8\u8ac7<\/span><\/span><span class=\"wpcf7-list-item last\"><input type=\"checkbox\" name=\"checkbox-inq[]\" value=\"\u305d\u306e\u4ed6\" \/><span class=\"wpcf7-list-item-label\">\u305d\u306e\u4ed6<\/span><\/span><\/span><\/span>\n\t\t\t<\/p>\n\t\t<\/td>\n\t<\/tr>\n\t<tr>\n\t\t<th>\n\t\t\t<p><span class=\"CF7_req\">\u5fc5\u9808<\/span> \u304a\u540d\u524d\n\t\t\t<\/p>\n\t\t<\/th>\n\t\t<td>\n\t\t\t<p><span class=\"wpcf7-form-control-wrap\" data-name=\"your-name\"><input size=\"40\" maxlength=\"400\" class=\"wpcf7-form-control wpcf7-text wpcf7-validates-as-required\" aria-required=\"true\" aria-invalid=\"false\" placeholder=\"\u4f8b\uff1a\u3042\u306a\u305f\u306e\u304a\u540d\u524d\" value=\"\" type=\"text\" name=\"your-name\" \/><\/span>\n\t\t\t<\/p>\n\t\t<\/td>\n\t<\/tr>\n\t<tr>\n\t\t<th>\n\t\t\t<p><span class=\"CF7_req\">\u5fc5\u9808<\/span> \u30d5\u30ea\u30ac\u30ca\n\t\t\t<\/p>\n\t\t<\/th>\n\t\t<td>\n\t\t\t<p><span class=\"wpcf7-form-control-wrap\" data-name=\"your-ruby\"><input size=\"40\" maxlength=\"400\" class=\"wpcf7-form-control wpcf7-text wpcf7-validates-as-required\" aria-required=\"true\" aria-invalid=\"false\" placeholder=\"\u4f8b\uff1a\u30d5\u30ea\u30ac\u30ca\" value=\"\" type=\"text\" name=\"your-ruby\" \/><\/span>\n\t\t\t<\/p>\n\t\t<\/td>\n\t<\/tr>\n\t<tr>\n\t\t<th>\n\t\t\t<p><span class=\"CF7_req\">\u5fc5\u9808<\/span> \u30e1\u30fc\u30eb\u30a2\u30c9\u30ec\u30b9\n\t\t\t<\/p>\n\t\t<\/th>\n\t\t<td>\n\t\t\t<p><span class=\"wpcf7-form-control-wrap\" data-name=\"your-email\"><input size=\"40\" maxlength=\"400\" class=\"wpcf7-form-control wpcf7-email wpcf7-validates-as-required wpcf7-text wpcf7-validates-as-email\" aria-required=\"true\" aria-invalid=\"false\" placeholder=\"\u4f8b\uff1a\u00d7\u00d7\u00d7@\u00d7\u00d7\u00d7.com\" value=\"\" type=\"email\" name=\"your-email\" \/><\/span>\n\t\t\t<\/p>\n\t\t<\/td>\n\t<\/tr>\n\t<tr>\n\t\t<th>\n\t\t\t<p><span class=\"CF7_req\">\u5fc5\u9808<\/span>\u30e1\u30c3\u30bb\u30fc\u30b8\u672c\u6587\n\t\t\t<\/p>\n\t\t<\/th>\n\t\t<td class=\"message-100\">\n\t\t\t<p><span class=\"wpcf7-form-control-wrap\" data-name=\"your-message\"><textarea cols=\"40\" rows=\"10\" maxlength=\"2000\" class=\"wpcf7-form-control wpcf7-textarea wpcf7-validates-as-required\" aria-required=\"true\" aria-invalid=\"false\" placeholder=\"\u3054\u4e88\u7d04\u306e\u5834\u5408\u2192\u3000\u4f8b\uff09\u3054\u5e0c\u671b\u306e\u30b3\u30fc\u30b9\u3000\u3000\u3000\u7b2c\uff11\u5e0c\u671b\uff1a\u3007\u6708\u3007\u65e5 12\uff1a00\uff5e\u3000\u7b2c\uff12\u5e0c\u671b\uff1a\u3007\u6708\u3007\u65e5 18\uff1a00\uff5e\" name=\"your-message\"><\/textarea><\/span>\n\t\t\t<\/p>\n\t\t<\/td>\n\t<\/tr>\n<\/table>\n<p class=\"CF7_btn\"><input class=\"wpcf7-form-control wpcf7-submit has-spinner\" type=\"submit\" value=\"\u9001\u4fe1\u3059\u308b\" \/>\n<\/p><div class=\"wpcf7-response-output\" aria-hidden=\"true\"><\/div>\n<\/form>\n<\/div>\n<\/div>\n\n\n\n<div class=\"wp-block-vk-blocks-icon-outer vk_icons\"><div class=\"vk_icons_col vk_icons_col-justify-right\">\n<div class=\"wp-block-vk-blocks-icon vk_icon\"><div class=\"vk_icon_frame is-style-noline\"><a href=\"https:\/\/lin.ee\/ZhtgNtl\" class=\"vk_icon_link\" target=\"_blank\"><span class=\"screen-reader-text\">\u30a2\u30a4\u30b3\u30f3\u30ea\u30f3\u30af<\/span><div class=\"vk_icon_border has-text-color has-vivid-green-cyan-color\"><i class=\"fa-brands vk_icon_font fa-line\" aria-hidden=\"true\"><\/i><\/div><\/a><\/div><\/div>\n\n\n\n<div class=\"wp-block-vk-blocks-icon vk_icon\"><div class=\"vk_icon_frame is-style-noline\"><a href=\"https:\/\/www.instagram.com\/body_labo_kawasaki\" class=\"vk_icon_link\" target=\"_blank\"><span class=\"screen-reader-text\">\u30a2\u30a4\u30b3\u30f3\u30ea\u30f3\u30af<\/span><div class=\"vk_icon_border has-text-color has-vivid-red-color\"><i class=\"fa-brands vk_icon_font fa-instagram\" aria-hidden=\"true\"><\/i><\/div><\/a><\/div><\/div>\n\n\n\n<div class=\"wp-block-vk-blocks-icon vk_icon\"><div class=\"vk_icon_frame is-style-noline\"><a href=\"tel:0442806014\" class=\"vk_icon_link\"><span class=\"screen-reader-text\">\u30a2\u30a4\u30b3\u30f3\u30ea\u30f3\u30af<\/span><div class=\"vk_icon_border has-text-color has-vk-color-primary-dark-color\"><i class=\"fa-solid vk_icon_font fa-square-phone\" aria-hidden=\"true\"><\/i><\/div><\/a><\/div><\/div>\n<\/div><\/div>\n","protected":false},"excerpt":{"rendered":"","protected":false},"author":1,"featured_media":0,"parent":0,"menu_order":0,"comment_status":"closed","ping_status":"closed","template":"","meta":{"vkexunit_cta_each_option":"","footnotes":""},"class_list":["post-100","page","type-page","status-publish","hentry"],"_links":{"self":[{"href":"https:\/\/body-labo-kawasaki.com\/index\/wp-json\/wp\/v2\/pages\/100","targetHints":{"allow":["GET"]}}],"collection":[{"href":"https:\/\/body-labo-kawasaki.com\/index\/wp-json\/wp\/v2\/pages"}],"about":[{"href":"https:\/\/body-labo-kawasaki.com\/index\/wp-json\/wp\/v2\/types\/page"}],"author":[{"embeddable":true,"href":"https:\/\/body-labo-kawasaki.com\/index\/wp-json\/wp\/v2\/users\/1"}],"replies":[{"embeddable":true,"href":"https:\/\/body-labo-kawasaki.com\/index\/wp-json\/wp\/v2\/comments?post=100"}],"version-history":[{"count":9,"href":"https:\/\/body-labo-kawasaki.com\/index\/wp-json\/wp\/v2\/pages\/100\/revisions"}],"predecessor-version":[{"id":4169,"href":"https:\/\/body-labo-kawasaki.com\/index\/wp-json\/wp\/v2\/pages\/100\/revisions\/4169"}],"wp:attachment":[{"href":"https:\/\/body-labo-kawasaki.com\/index\/wp-json\/wp\/v2\/media?parent=100"}],"curies":[{"name":"wp","href":"https:\/\/api.w.org\/{rel}","templated":true}]}}